{"id":16,"date":"2025-11-09T22:59:19","date_gmt":"2025-11-09T21:59:19","guid":{"rendered":"https:\/\/pipoone.fr\/?page_id=16"},"modified":"2025-12-09T01:54:47","modified_gmt":"2025-12-09T00:54:47","slug":"pipoone","status":"publish","type":"page","link":"https:\/\/pipoone.fr\/","title":{"rendered":"Pipoone"},"content":{"rendered":"<div class=\"et_pb_section_0 et_pb_section et_section_regular et_block_section et-pb-has-background-video et_pb_preload\"><span class=\"et-pb-background-video\"><video autoplay loop playsinline muted><source type=\"video\/mp4\" src=\"https:\/\/pipoone.fr\/wp-content\/uploads\/2025\/11\/allees_baobab.mp4\" \/><\/video><\/span>\n<div class=\"et_pb_row_0 et_pb_row et_flex_row\">\n<div class=\"et_pb_column_0 et_pb_column et-last-child et_flex_column et_pb_css_mix_blend_mode_passthrough et_flex_column_24_24\">\n<div class=\"et_pb_image_0 et_pb_image et_pb_module et_flex_module\"><span class=\"et_pb_image_wrap\"><img loading=\"lazy\" decoding=\"async\" src=\"https:\/\/pipoone.fr\/wp-content\/uploads\/2025\/11\/logoBB200x50px.png\" width=\"689\" height=\"300\" srcset=\"https:\/\/pipoone.fr\/wp-content\/uploads\/2025\/11\/logoBB200x50px.png 689w, https:\/\/pipoone.fr\/wp-content\/uploads\/2025\/11\/logoBB200x50px-480x209.png 480w\" sizes=\"(min-width: 0px) and (max-width: 480px) 480px, (min-width: 481px) 689px, 100vw\" class=\"wp-image-98\" \/><\/span><\/div>\n\n<div class=\"et_pb_module et_pb_button_module_wrapper et_pb_button_0_wrapper\"><a class=\"et_pb_button_0 et_pb_button et_pb_bg_layout_dark et_pb_module et_flex_module\" href=\"https:\/\/pipoone.fr\/index.php\/boutique\/\" data-icon=\"\ue079\">Visitez La Boutique<\/a><\/div>\n<\/div>\n<\/div>\n<\/div>\n\n<div class=\"et_pb_section_1 et_pb_section et_section_regular et_block_section\">\n<div class=\"et_pb_row_1 et_pb_row et_pb_gutters3 et_block_row\">\n<div class=\"et_pb_column_1 et_pb_column et_pb_column_4_4 et-last-child et_block_column et_pb_css_mix_blend_mode_passthrough\">\n<div class=\"et_pb_text_0 et_pb_text et_pb_bg_layout_light et_pb_module et_grid_module\"><div class=\"et_pb_text_inner\"><p>D\u00e9couvrez un univers o\u00f9 l\u2019\u00e9l\u00e9gance rencontre l\u2019authenticit\u00e9.<br \/>Nous cr\u00e9ons des accessoires, bijoux et v\u00eatements pour femme inspir\u00e9s par la nature et le savoir-faire artisanal.<\/p>\n<p>Chaque pi\u00e8ce est unique, fa\u00e7onn\u00e9e \u00e0 partir de mat\u00e9riaux naturels soigneusement s\u00e9lectionn\u00e9s pour sublimer votre style tout en respectant la plan\u00e8te.<\/p>\n<\/div><\/div>\n<\/div>\n<\/div>\n\n<div class=\"et_pb_row_2 et_pb_row et_pb_gutters3 et_block_row\">\n<div class=\"et_pb_column_2 et_pb_column et_pb_column_4_4 et-last-child et_block_column et_pb_css_mix_blend_mode_passthrough\">\n<div class=\"et_pb_text_1 et_pb_text et_pb_bg_layout_light et_pb_module et_block_module preset--module--divi-text--bbd5f50c-6106-4480-8305-b30d4aaae6bf\"><div class=\"et_pb_text_inner\"><h3>\u00ab\u00a0Parce que la beaut\u00e9 v\u00e9ritable ne rouille pas&#8230;\u00a0\u00bb<\/h3>\n<h2 style=\"text-align: center;\">Aciers inoxydables<\/h2>\n<p>L\u2019acier, pur et lumineux, traverse le temps sans s\u2019alt\u00e9rer. Il devient bijou, reflet d\u2019une f\u00e9minit\u00e9 libre et intemporelle.<\/p>\n<p>Chaque pi\u00e8ce est pens\u00e9e comme un \u00e9clat durable, \u00e0 la fois d\u00e9licat et fort, con\u00e7u pour accompagner vos gestes, vos saisons, vos \u00e9motions. Loin des bijoux \u00e9ph\u00e9m\u00e8res, nos cr\u00e9ations en acier inoxydable r\u00e9sistent \u00e0 la vie, \u00e0 l\u2019eau, au temps sans jamais perdre leur \u00e9clat.<\/p>\n<\/div><\/div>\n<\/div>\n<\/div>\n\n<div class=\"et_pb_row_3 et_pb_row et_pb_gutters3 et_grid_row\">\n<div class=\"et_pb_column_3 et_pb_column et_flex_column et_pb_css_mix_blend_mode_passthrough\">\n<div class=\"et_pb_image_1 et_pb_image et_pb_module et_flex_module\"><span class=\"et_pb_image_wrap\"><img loading=\"lazy\" decoding=\"async\" src=\"https:\/\/pipoone.fr\/wp-content\/uploads\/2025\/12\/creole5.jpg\" width=\"800\" height=\"800\" srcset=\"https:\/\/pipoone.fr\/wp-content\/uploads\/2025\/12\/creole5.jpg 800w, https:\/\/pipoone.fr\/wp-content\/uploads\/2025\/12\/creole5-480x480.jpg 480w\" sizes=\"(min-width: 0px) and (max-width: 480px) 480px, (min-width: 481px) 800px, 100vw\" class=\"wp-image-264\" \/><\/span><\/div>\n<\/div>\n\n<div class=\"et_pb_column_4 et_pb_column et_flex_column et_pb_css_mix_blend_mode_passthrough\">\n<div class=\"et_pb_image_2 et_pb_image et_pb_module et_flex_module\"><span class=\"et_pb_image_wrap\"><img loading=\"lazy\" decoding=\"async\" src=\"https:\/\/pipoone.fr\/wp-content\/uploads\/2025\/12\/bague-or1-2.jpg\" width=\"800\" height=\"800\" srcset=\"https:\/\/pipoone.fr\/wp-content\/uploads\/2025\/12\/bague-or1-2.jpg 800w, https:\/\/pipoone.fr\/wp-content\/uploads\/2025\/12\/bague-or1-2-480x480.jpg 480w\" sizes=\"(min-width: 0px) and (max-width: 480px) 480px, (min-width: 481px) 800px, 100vw\" class=\"wp-image-266\" \/><\/span><\/div>\n<\/div>\n\n<div class=\"et_pb_column_5 et_pb_column et_flex_column et_pb_css_mix_blend_mode_passthrough\">\n<div class=\"et_pb_image_3 et_pb_image et_pb_module et_flex_module\"><span class=\"et_pb_image_wrap\"><img loading=\"lazy\" decoding=\"async\" src=\"https:\/\/pipoone.fr\/wp-content\/uploads\/2025\/12\/bague.png\" width=\"800\" height=\"800\" srcset=\"https:\/\/pipoone.fr\/wp-content\/uploads\/2025\/12\/bague.png 800w, https:\/\/pipoone.fr\/wp-content\/uploads\/2025\/12\/bague-480x480.png 480w\" sizes=\"(min-width: 0px) and (max-width: 480px) 480px, (min-width: 481px) 800px, 100vw\" class=\"wp-image-378\" \/><\/span><\/div>\n<\/div>\n\n<div class=\"et_pb_column_6 et_pb_column et-last-child et_flex_column et_pb_css_mix_blend_mode_passthrough\">\n<div class=\"et_pb_image_4 et_pb_image et_pb_module et_flex_module\"><span class=\"et_pb_image_wrap\"><img loading=\"lazy\" decoding=\"async\" src=\"https:\/\/pipoone.fr\/wp-content\/uploads\/2025\/12\/manchette-mannequin3.png\" width=\"800\" height=\"800\" srcset=\"https:\/\/pipoone.fr\/wp-content\/uploads\/2025\/12\/manchette-mannequin3.png 800w, https:\/\/pipoone.fr\/wp-content\/uploads\/2025\/12\/manchette-mannequin3-480x480.png 480w\" sizes=\"(min-width: 0px) and (max-width: 480px) 480px, (min-width: 481px) 800px, 100vw\" class=\"wp-image-386\" \/><\/span><\/div>\n\n<div class=\"et_pb_module et_pb_button_module_wrapper et_pb_button_1_wrapper preset--module--divi-button--10ded34c-5a2f-4969-815a-a40bcc2a5302_wrapper\"><a class=\"et_pb_button_1 et_pb_button et_pb_bg_layout_light et_pb_module et_block_module preset--module--divi-button--10ded34c-5a2f-4969-815a-a40bcc2a5302\" href=\"https:\/\/pipoone.fr\/index.php\/boutique\/\">TOUS LES ARTICLES<\/a><\/div>\n<\/div>\n<\/div>\n<\/div>\n\n<div class=\"et_pb_section_2 et_pb_section et_section_regular et_block_section\">\n<div class=\"et_pb_row_4 et_pb_row et_pb_gutters3 et_block_row\">\n<div class=\"et_pb_column_7 et_pb_column et_pb_column_4_4 et-last-child et_block_column et_pb_css_mix_blend_mode_passthrough\">\n<div class=\"et_pb_text_2 et_pb_text et_pb_bg_layout_light et_pb_module et_block_module preset--module--divi-text--bbd5f50c-6106-4480-8305-b30d4aaae6bf\"><div class=\"et_pb_text_inner\"><h3>\u00ab\u00a0Un hommage au savoir-faire ancestral &#8230;\u00a0\u00bb<\/h3>\n<h2 style=\"text-align: center;\">Cornes de zebu<\/h2>\n<p>D\u00e9couvrez une collection d\u2019accessoires et de bijoux fa\u00e7onn\u00e9s \u00e0 partir de corne de z\u00e9bu, un mat\u00e9riau noble et naturel profond\u00e9ment ancr\u00e9 dans l\u2019artisanat malgache. Chaque pi\u00e8ce est sculpt\u00e9e \u00e0 la main, r\u00e9v\u00e9lant des nuances uniques, des courbes organiques et une \u00e9l\u00e9gance brute qui raconte une histoire.<\/p>\n<p>&nbsp;<\/p>\n<\/div><\/div>\n<\/div>\n<\/div>\n\n<div class=\"et_pb_row_5 et_pb_row et_pb_gutters3 et_grid_row\">\n<div class=\"et_pb_column_8 et_pb_column et_flex_column et_pb_css_mix_blend_mode_passthrough\">\n<div class=\"et_pb_image_5 et_pb_image et_pb_module et_flex_module\"><span class=\"et_pb_image_wrap\"><img loading=\"lazy\" decoding=\"async\" src=\"https:\/\/pipoone.fr\/wp-content\/uploads\/2025\/11\/zebu04.png\" width=\"500\" height=\"500\" srcset=\"https:\/\/pipoone.fr\/wp-content\/uploads\/2025\/11\/zebu04.png 500w, https:\/\/pipoone.fr\/wp-content\/uploads\/2025\/11\/zebu04-480x480.png 480w\" sizes=\"(min-width: 0px) and (max-width: 480px) 480px, (min-width: 481px) 500px, 100vw\" class=\"wp-image-104\" \/><\/span><\/div>\n<\/div>\n\n<div class=\"et_pb_column_9 et_pb_column et_flex_column et_pb_css_mix_blend_mode_passthrough\">\n<div class=\"et_pb_image_6 et_pb_image et_pb_module et_flex_module\"><span class=\"et_pb_image_wrap\"><img loading=\"lazy\" decoding=\"async\" src=\"https:\/\/pipoone.fr\/wp-content\/uploads\/2025\/12\/semainier-violet-4.jpg\" width=\"800\" height=\"800\" srcset=\"https:\/\/pipoone.fr\/wp-content\/uploads\/2025\/12\/semainier-violet-4.jpg 800w, https:\/\/pipoone.fr\/wp-content\/uploads\/2025\/12\/semainier-violet-4-480x480.jpg 480w\" sizes=\"(min-width: 0px) and (max-width: 480px) 480px, (min-width: 481px) 800px, 100vw\" class=\"wp-image-256\" \/><\/span><\/div>\n<\/div>\n\n<div class=\"et_pb_column_10 et_pb_column et_flex_column et_pb_css_mix_blend_mode_passthrough\">\n<div class=\"et_pb_image_7 et_pb_image et_pb_module et_flex_module\"><span class=\"et_pb_image_wrap\"><img loading=\"lazy\" decoding=\"async\" src=\"https:\/\/pipoone.fr\/wp-content\/uploads\/2025\/12\/manchette-brut-6.jpg\" width=\"800\" height=\"800\" srcset=\"https:\/\/pipoone.fr\/wp-content\/uploads\/2025\/12\/manchette-brut-6.jpg 800w, https:\/\/pipoone.fr\/wp-content\/uploads\/2025\/12\/manchette-brut-6-480x480.jpg 480w\" sizes=\"(min-width: 0px) and (max-width: 480px) 480px, (min-width: 481px) 800px, 100vw\" class=\"wp-image-235\" \/><\/span><\/div>\n<\/div>\n\n<div class=\"et_pb_column_11 et_pb_column et-last-child et_flex_column et_pb_css_mix_blend_mode_passthrough\">\n<div class=\"et_pb_image_8 et_pb_image et_pb_module et_flex_module\"><span class=\"et_pb_image_wrap\"><img loading=\"lazy\" decoding=\"async\" src=\"https:\/\/pipoone.fr\/wp-content\/uploads\/2025\/12\/manchette-mannequin.png\" width=\"800\" height=\"801\" srcset=\"https:\/\/pipoone.fr\/wp-content\/uploads\/2025\/12\/manchette-mannequin.png 800w, https:\/\/pipoone.fr\/wp-content\/uploads\/2025\/12\/manchette-mannequin-480x481.png 480w\" sizes=\"(min-width: 0px) and (max-width: 480px) 480px, (min-width: 481px) 800px, 100vw\" class=\"wp-image-382\" \/><\/span><\/div>\n\n<div class=\"et_pb_module et_pb_button_module_wrapper et_pb_button_2_wrapper preset--module--divi-button--10ded34c-5a2f-4969-815a-a40bcc2a5302_wrapper\"><a class=\"et_pb_button_2 et_pb_button et_pb_bg_layout_light et_pb_module et_block_module preset--module--divi-button--10ded34c-5a2f-4969-815a-a40bcc2a5302\" href=\"https:\/\/pipoone.fr\/index.php\/boutique\/\">TOUS LES ARTICLES<\/a><\/div>\n<\/div>\n<\/div>\n<\/div>\n\n<div class=\"et_pb_section_3 et_pb_section et_section_regular et_block_section\">\n<div class=\"et_pb_row_6 et_pb_row et_pb_gutters3 et_block_row\">\n<div class=\"et_pb_column_12 et_pb_column et_pb_column_4_4 et-last-child et_block_column et_pb_css_mix_blend_mode_passthrough\">\n<div class=\"et_pb_text_3 et_pb_text et_pb_bg_layout_light et_pb_module et_block_module preset--module--divi-text--bbd5f50c-6106-4480-8305-b30d4aaae6bf\"><div class=\"et_pb_text_inner\"><h3>\u00ab\u00a0Naturellement chic. \u00c9minemment citadin &#8230;\u00a0\u00bb<\/h3>\n<h2 style=\"text-align: center;\">Raphia<\/h2>\n<p>Pens\u00e9e pour accompagner la femme moderne, la pochette en raphia se porte aussi bien en ville qu\u2019en voyage, apportant cette touche de naturel chic qui traverse les saisons sans jamais se d\u00e9moder.<br data-start=\"743\" data-end=\"746\" \/>Un essentiel raffin\u00e9, n\u00e9 de la main de l\u2019artisan et pens\u00e9 pour la vie d\u2019aujourd\u2019hui.<\/p>\n<p>\u00a0<\/p>\n<\/div><\/div>\n<\/div>\n<\/div>\n\n<div class=\"et_pb_row_7 et_pb_row et_pb_gutters3 et_grid_row\">\n<div class=\"et_pb_column_13 et_pb_column et_flex_column et_pb_css_mix_blend_mode_passthrough\">\n<div class=\"et_pb_image_9 et_pb_image et_pb_module et_flex_module\"><span class=\"et_pb_image_wrap\"><img loading=\"lazy\" decoding=\"async\" src=\"https:\/\/pipoone.fr\/wp-content\/uploads\/2025\/12\/Pochette-mannequin2.png\" width=\"800\" height=\"800\" srcset=\"https:\/\/pipoone.fr\/wp-content\/uploads\/2025\/12\/Pochette-mannequin2.png 800w, https:\/\/pipoone.fr\/wp-content\/uploads\/2025\/12\/Pochette-mannequin2-480x480.png 480w\" sizes=\"(min-width: 0px) and (max-width: 480px) 480px, (min-width: 481px) 800px, 100vw\" class=\"wp-image-411\" \/><\/span><\/div>\n<\/div>\n\n<div class=\"et_pb_column_14 et_pb_column et_flex_column et_pb_css_mix_blend_mode_passthrough\">\n<div class=\"et_pb_image_10 et_pb_image et_pb_module et_flex_module\"><span class=\"et_pb_image_wrap\"><img loading=\"lazy\" decoding=\"async\" src=\"https:\/\/pipoone.fr\/wp-content\/uploads\/2025\/11\/raphia004.jpg\" width=\"500\" height=\"500\" srcset=\"https:\/\/pipoone.fr\/wp-content\/uploads\/2025\/11\/raphia004.jpg 500w, https:\/\/pipoone.fr\/wp-content\/uploads\/2025\/11\/raphia004-480x480.jpg 480w\" sizes=\"(min-width: 0px) and (max-width: 480px) 480px, (min-width: 481px) 500px, 100vw\" class=\"wp-image-93\" \/><\/span><\/div>\n<\/div>\n\n<div class=\"et_pb_column_15 et_pb_column et_flex_column et_pb_css_mix_blend_mode_passthrough\">\n<div class=\"et_pb_image_11 et_pb_image et_pb_module et_flex_module\"><span class=\"et_pb_image_wrap\"><img loading=\"lazy\" decoding=\"async\" src=\"https:\/\/pipoone.fr\/wp-content\/uploads\/2025\/12\/pochette-brute-1.jpg\" width=\"800\" height=\"800\" srcset=\"https:\/\/pipoone.fr\/wp-content\/uploads\/2025\/12\/pochette-brute-1.jpg 800w, https:\/\/pipoone.fr\/wp-content\/uploads\/2025\/12\/pochette-brute-1-480x480.jpg 480w\" sizes=\"(min-width: 0px) and (max-width: 480px) 480px, (min-width: 481px) 800px, 100vw\" class=\"wp-image-279\" \/><\/span><\/div>\n<\/div>\n\n<div class=\"et_pb_column_16 et_pb_column et-last-child et_flex_column et_pb_css_mix_blend_mode_passthrough\">\n<div class=\"et_pb_image_12 et_pb_image et_pb_module et_flex_module\"><span class=\"et_pb_image_wrap\"><img loading=\"lazy\" decoding=\"async\" src=\"https:\/\/pipoone.fr\/wp-content\/uploads\/2025\/12\/Pochette-mannequin1.png\" width=\"800\" height=\"800\" srcset=\"https:\/\/pipoone.fr\/wp-content\/uploads\/2025\/12\/Pochette-mannequin1.png 800w, https:\/\/pipoone.fr\/wp-content\/uploads\/2025\/12\/Pochette-mannequin1-480x480.png 480w\" sizes=\"(min-width: 0px) and (max-width: 480px) 480px, (min-width: 481px) 800px, 100vw\" class=\"wp-image-410\" \/><\/span><\/div>\n\n<div class=\"et_pb_module et_pb_button_module_wrapper et_pb_button_3_wrapper preset--module--divi-button--10ded34c-5a2f-4969-815a-a40bcc2a5302_wrapper\"><a class=\"et_pb_button_3 et_pb_button et_pb_bg_layout_light et_pb_module et_block_module preset--module--divi-button--10ded34c-5a2f-4969-815a-a40bcc2a5302\" href=\"https:\/\/pipoone.fr\/index.php\/boutique\/\">TOUS LES ARTICLES<\/a><\/div>\n<\/div>\n<\/div>\n<\/div>\n\n<div class=\"et_pb_section_4 et_pb_section et_section_regular et_block_section\">\n<div class=\"et_pb_row_8 et_pb_row et_pb_gutters3 et_block_row\">\n<div class=\"et_pb_column_17 et_pb_column et_pb_column_4_4 et-last-child et_block_column et_pb_css_mix_blend_mode_passthrough\">\n<div class=\"et_pb_text_4 et_pb_text et_pb_bg_layout_light et_pb_module et_block_module preset--module--divi-text--bbd5f50c-6106-4480-8305-b30d4aaae6bf\"><div class=\"et_pb_text_inner\"><h3>\u00ab\u00a0Le confort selon la nature &#8230;\u00a0\u00bb<\/h3>\n<h2 style=\"text-align: center;\">COTON<\/h2>\n<p>Fibre naturelle par excellence, il offre une douceur incomparable et une l\u00e9g\u00e8ret\u00e9 id\u00e9ale pour accompagner les journ\u00e9es ensoleill\u00e9es.<br data-start=\"743\" data-end=\"746\" \/>Une mati\u00e8re essentielle, pens\u00e9e pour celles qui recherchent la simplicit\u00e9, la qualit\u00e9\u2026 et la douceur qui respire.<\/p>\n<p>\u00a0<\/p>\n<\/div><\/div>\n<\/div>\n<\/div>\n\n<div class=\"et_pb_row_9 et_pb_row et_pb_gutters3 et_grid_row\">\n<div class=\"et_pb_column_18 et_pb_column et_flex_column et_pb_css_mix_blend_mode_passthrough\">\n<div class=\"et_pb_image_13 et_pb_image et_pb_module et_flex_module\"><span class=\"et_pb_image_wrap\"><img loading=\"lazy\" decoding=\"async\" src=\"https:\/\/pipoone.fr\/wp-content\/uploads\/2025\/12\/coton_bleu.jpg\" width=\"800\" height=\"800\" srcset=\"https:\/\/pipoone.fr\/wp-content\/uploads\/2025\/12\/coton_bleu.jpg 800w, https:\/\/pipoone.fr\/wp-content\/uploads\/2025\/12\/coton_bleu-480x480.jpg 480w\" sizes=\"(min-width: 0px) and (max-width: 480px) 480px, (min-width: 481px) 800px, 100vw\" class=\"wp-image-450\" \/><\/span><\/div>\n<\/div>\n\n<div class=\"et_pb_column_19 et_pb_column et_flex_column et_pb_css_mix_blend_mode_passthrough\">\n<div class=\"et_pb_image_14 et_pb_image et_pb_module et_flex_module\"><span class=\"et_pb_image_wrap\"><img loading=\"lazy\" decoding=\"async\" src=\"https:\/\/pipoone.fr\/wp-content\/uploads\/2025\/12\/fleur_marron3.jpg\" width=\"800\" height=\"800\" srcset=\"https:\/\/pipoone.fr\/wp-content\/uploads\/2025\/12\/fleur_marron3.jpg 800w, https:\/\/pipoone.fr\/wp-content\/uploads\/2025\/12\/fleur_marron3-480x480.jpg 480w\" sizes=\"(min-width: 0px) and (max-width: 480px) 480px, (min-width: 481px) 800px, 100vw\" class=\"wp-image-448\" \/><\/span><\/div>\n<\/div>\n\n<div class=\"et_pb_column_20 et_pb_column et_flex_column et_pb_css_mix_blend_mode_passthrough\">\n<div class=\"et_pb_image_15 et_pb_image et_pb_module et_flex_module\"><span class=\"et_pb_image_wrap\"><img loading=\"lazy\" decoding=\"async\" src=\"https:\/\/pipoone.fr\/wp-content\/uploads\/2025\/12\/fleur_marron2.jpg\" width=\"800\" height=\"800\" srcset=\"https:\/\/pipoone.fr\/wp-content\/uploads\/2025\/12\/fleur_marron2.jpg 800w, https:\/\/pipoone.fr\/wp-content\/uploads\/2025\/12\/fleur_marron2-480x480.jpg 480w\" sizes=\"(min-width: 0px) and (max-width: 480px) 480px, (min-width: 481px) 800px, 100vw\" class=\"wp-image-447\" \/><\/span><\/div>\n<\/div>\n\n<div class=\"et_pb_column_21 et_pb_column et-last-child et_flex_column et_pb_css_mix_blend_mode_passthrough\">\n<div class=\"et_pb_image_16 et_pb_image et_pb_module et_flex_module\"><span class=\"et_pb_image_wrap\"><img loading=\"lazy\" decoding=\"async\" src=\"https:\/\/pipoone.fr\/wp-content\/uploads\/2025\/11\/coton01.png\" width=\"500\" height=\"500\" srcset=\"https:\/\/pipoone.fr\/wp-content\/uploads\/2025\/11\/coton01.png 500w, https:\/\/pipoone.fr\/wp-content\/uploads\/2025\/11\/coton01-480x480.png 480w\" sizes=\"(min-width: 0px) and (max-width: 480px) 480px, (min-width: 481px) 500px, 100vw\" class=\"wp-image-108\" \/><\/span><\/div>\n\n<div class=\"et_pb_module et_pb_button_module_wrapper et_pb_button_4_wrapper preset--module--divi-button--10ded34c-5a2f-4969-815a-a40bcc2a5302_wrapper\"><a class=\"et_pb_button_4 et_pb_button et_pb_bg_layout_light et_pb_module et_block_module preset--module--divi-button--10ded34c-5a2f-4969-815a-a40bcc2a5302\" href=\"https:\/\/pipoone.fr\/index.php\/boutique\/\">TOUS LES ARTICLES<\/a><\/div>\n<\/div>\n<\/div>\n<\/div>","protected":false},"excerpt":{"rendered":"","protected":false},"author":1,"featured_media":6,"parent":0,"menu_order":0,"comment_status":"closed","ping_status":"closed","template":"","meta":{"footnotes":""},"class_list":["post-16","page","type-page","status-publish","has-post-thumbnail","hentry"],"_links":{"self":[{"href":"https:\/\/pipoone.fr\/index.php\/wp-json\/wp\/v2\/pages\/16","targetHints":{"allow":["GET"]}}],"collection":[{"href":"https:\/\/pipoone.fr\/index.php\/wp-json\/wp\/v2\/pages"}],"about":[{"href":"https:\/\/pipoone.fr\/index.php\/wp-json\/wp\/v2\/types\/page"}],"author":[{"embeddable":true,"href":"https:\/\/pipoone.fr\/index.php\/wp-json\/wp\/v2\/users\/1"}],"replies":[{"embeddable":true,"href":"https:\/\/pipoone.fr\/index.php\/wp-json\/wp\/v2\/comments?post=16"}],"version-history":[{"count":67,"href":"https:\/\/pipoone.fr\/index.php\/wp-json\/wp\/v2\/pages\/16\/revisions"}],"predecessor-version":[{"id":477,"href":"https:\/\/pipoone.fr\/index.php\/wp-json\/wp\/v2\/pages\/16\/revisions\/477"}],"wp:featuredmedia":[{"embeddable":true,"href":"https:\/\/pipoone.fr\/index.php\/wp-json\/wp\/v2\/media\/6"}],"wp:attachment":[{"href":"https:\/\/pipoone.fr\/index.php\/wp-json\/wp\/v2\/media?parent=16"}],"curies":[{"name":"wp","href":"https:\/\/api.w.org\/{rel}","templated":true}]}}