{"id":193,"date":"2025-11-16T02:13:50","date_gmt":"2025-11-16T01:13:50","guid":{"rendered":"https:\/\/pipoone.fr\/?page_id=193"},"modified":"2025-11-16T03:44:20","modified_gmt":"2025-11-16T02:44:20","slug":"contact","status":"publish","type":"page","link":"https:\/\/pipoone.fr\/index.php\/contact\/","title":{"rendered":"Contact"},"content":{"rendered":"<div class=\"et_pb_section_0 et_pb_section et_section_regular et_flex_section\">\n<div class=\"et_pb_row_0 et_pb_row et_flex_row\">\n<div class=\"et_pb_column_0 et_pb_column et-last-child et_flex_column et_pb_css_mix_blend_mode_passthrough et_flex_column_24_24\">\n<div class=\"et_pb_image_0 et_pb_image et_pb_module et_flex_module\"><span class=\"et_pb_image_wrap\"><img loading=\"lazy\" decoding=\"async\" src=\"https:\/\/pipoone.fr\/wp-content\/uploads\/2025\/11\/logoB2.png\" width=\"664\" height=\"274\" srcset=\"https:\/\/pipoone.fr\/wp-content\/uploads\/2025\/11\/logoB2.png 664w, https:\/\/pipoone.fr\/wp-content\/uploads\/2025\/11\/logoB2-480x198.png 480w\" sizes=\"(min-width: 0px) and (max-width: 480px) 480px, (min-width: 481px) 664px, 100vw\" class=\"wp-image-44\" \/><\/span><\/div>\n\n<div class=\"et_pb_text_0 et_pb_text et_pb_bg_layout_light et_pb_module et_flex_module\"><div class=\"et_pb_text_inner\"><h3>Notre histoire \u2013 Un voyage, une \u00e9vidence<\/h3>\n<p>&nbsp;<\/p>\n<p>Notre projet est n\u00e9 lors d\u2019un voyage \u00e0 Madagascar. L\u00e0-bas, nous avons \u00e9t\u00e9 profond\u00e9ment s\u00e9duits par la beaut\u00e9, la finesse et la qualit\u00e9 de l\u2019artisanat local. Chaque objet, chaque bijou, chaque pi\u00e8ce fa\u00e7onn\u00e9e \u00e0 la main semblait raconter une histoire, porter une \u00e2me. Nous avons eu un v\u00e9ritable coup de c\u0153ur pour ces cr\u00e9ations naturelles, uniques, et pour le talent des artisans qui les fabriquent avec passion.<\/p>\n<p>De ce voyage est n\u00e9e une envie simple : partager ces tr\u00e9sors et faire d\u00e9couvrir au plus grand nombre la richesse d\u2019un savoir-faire authentique, \u00e9quitable et profond\u00e9ment respectueux de la nature.<\/p>\n<p>Le nom de notre boutique, Pipoune, a une signification toute particuli\u00e8re : c\u2019est ma fille. C\u2019est pour elle, pour ses valeurs, ses convictions et sa sensibilit\u00e9 au naturel et \u00e0 l\u2019humain que j\u2019ai d\u00e9cid\u00e9 de cr\u00e9er ce site. <strong>Pipoone<\/strong> repr\u00e9sente cette nouvelle g\u00e9n\u00e9ration qui aspire \u00e0 un monde plus juste, plus \u00e9thique, plus beau.<\/p>\n<p>\u00c0 travers cette boutique, nous souhaitons :<\/p>\n<p>&#8211; Valoriser le fait main et les artisans qui perp\u00e9tuent des techniques traditionnelles<br \/>&#8211; Encourager un commerce \u00e9quitable, qui respecte ceux qui cr\u00e9ent<br \/>&#8211; Mettre en lumi\u00e8re des mati\u00e8res naturelles, pleines de caract\u00e8re et d\u2019authenticit\u00e9<br \/>&#8211; Partager des pi\u00e8ces uniques, porteuses d\u2019histoire et d\u2019\u00e9motion<\/p>\n<p>Bienvenue dans notre univers, n\u00e9 d\u2019un voyage, d\u2019un \u00e9merveillement et d\u2019une envie profonde de transmettre du beau, du vrai et du durable.<br \/>Bienvenue chez <strong>Pipoone<\/strong>.<\/p>\n<\/div><\/div>\n<\/div>\n<\/div>\n<\/div>","protected":false},"excerpt":{"rendered":"","protected":false},"author":1,"featured_media":0,"parent":0,"menu_order":0,"comment_status":"closed","ping_status":"closed","template":"","meta":{"footnotes":""},"class_list":["post-193","page","type-page","status-publish","hentry"],"_links":{"self":[{"href":"https:\/\/pipoone.fr\/index.php\/wp-json\/wp\/v2\/pages\/193","targetHints":{"allow":["GET"]}}],"collection":[{"href":"https:\/\/pipoone.fr\/index.php\/wp-json\/wp\/v2\/pages"}],"about":[{"href":"https:\/\/pipoone.fr\/index.php\/wp-json\/wp\/v2\/types\/page"}],"author":[{"embeddable":true,"href":"https:\/\/pipoone.fr\/index.php\/wp-json\/wp\/v2\/users\/1"}],"replies":[{"embeddable":true,"href":"https:\/\/pipoone.fr\/index.php\/wp-json\/wp\/v2\/comments?post=193"}],"version-history":[{"count":7,"href":"https:\/\/pipoone.fr\/index.php\/wp-json\/wp\/v2\/pages\/193\/revisions"}],"predecessor-version":[{"id":219,"href":"https:\/\/pipoone.fr\/index.php\/wp-json\/wp\/v2\/pages\/193\/revisions\/219"}],"wp:attachment":[{"href":"https:\/\/pipoone.fr\/index.php\/wp-json\/wp\/v2\/media?parent=193"}],"curies":[{"name":"wp","href":"https:\/\/api.w.org\/{rel}","templated":true}]}}