{"id":3,"date":"2025-11-09T11:00:32","date_gmt":"2025-11-09T11:00:32","guid":{"rendered":"http:\/\/pipoone.fr\/?page_id=3"},"modified":"2025-12-08T02:22:20","modified_gmt":"2025-12-08T01:22:20","slug":"privacy-policy","status":"publish","type":"page","link":"https:\/\/pipoone.fr\/index.php\/privacy-policy\/","title":{"rendered":"Privacy Policy"},"content":{"rendered":"<div class=\"et_pb_section_0 et_pb_section et_section_regular et_block_section\">\n<div class=\"et_pb_row_0 et_pb_row et_pb_gutters3 et_block_row\">\n<div class=\"et_pb_column_0 et_pb_column et_pb_column_4_4 et-last-child et_block_column et_pb_css_mix_blend_mode_passthrough\">\n<div class=\"et_pb_image_0 et_pb_image et_pb_module et_flex_module\"><span class=\"et_pb_image_wrap\"><img loading=\"lazy\" decoding=\"async\" src=\"https:\/\/pipoone.fr\/wp-content\/uploads\/2025\/11\/logo_start.png\" width=\"664\" height=\"274\" srcset=\"https:\/\/pipoone.fr\/wp-content\/uploads\/2025\/11\/logo_start.png 664w, https:\/\/pipoone.fr\/wp-content\/uploads\/2025\/11\/logo_start-480x198.png 480w\" sizes=\"(min-width: 0px) and (max-width: 480px) 480px, (min-width: 481px) 664px, 100vw\" class=\"wp-image-51\" \/><\/span><\/div>\n\n<div class=\"et_pb_text_0 et_pb_text et_pb_bg_layout_light et_pb_module et_block_module\"><div class=\"et_pb_text_inner\"><p style=\"text-align: center;\"><strong>MENTIONS L\u00c9GALES<\/strong><\/p>\n<p>Site \u00e9dit\u00e9 par :<br \/>Mila Gauthier<br \/>2 rue des jardins, 05000 Gap<br \/>contact.pipoone@gmail.com<\/p>\n<p>H\u00e9bergeur du site : OVH<\/p>\n<p style=\"text-align: center;\"><strong>POLITIQUE DE CONFIDENTIALIT\u00c9 &#8211; RGPD<\/strong><\/p>\n<p>1. Donn\u00e9es collect\u00e9es<\/p>\n<p>Lors d\u2019une commande ou inscription, nous collectons :<\/p>\n<p>nom, pr\u00e9nom<br \/>adresse<br \/>email<br \/>t\u00e9l\u00e9phone<br \/>informations de livraison<br \/>historique de commande<\/p>\n<p>Aucune donn\u00e9e bancaire n\u2019est stock\u00e9e.<\/p>\n<p>2. Pourquoi collecter ces donn\u00e9es ?<\/p>\n<p>Pour :<\/p>\n<p>traiter les commandes<br \/>pr\u00e9parer l\u2019exp\u00e9dition<br \/>envoyer la facture<br \/>assurer le service apr\u00e8s-vente<\/p>\n<p>3. Conservation<\/p>\n<p>Les donn\u00e9es sont conserv\u00e9es :<br \/>3 ans sans activit\u00e9 client<br \/>10 ans pour documents comptables<\/p>\n<p>4. Partage des donn\u00e9es<\/p>\n<p>Les donn\u00e9es peuvent \u00eatre partag\u00e9es uniquement avec :<\/p>\n<p>transporteurs<br \/>prestataires de paiement<br \/>service comptable<\/p>\n<p>Jamais revendues.<\/p>\n<p>5. Vos droits<\/p>\n<p>\u00c0 tout moment, vous pouvez demander :<\/p>\n<p>acc\u00e8s<br \/>modification<br \/>suppression<\/p>\n<p>\u00e0 : contact.pipoone@gmail.com<\/p>\n<p>6. Cookies &amp; tracking<\/p>\n<p>Le site utilise des cookies techniques permettant :<\/p>\n<p>sauvegarde du panier<br \/>s\u00e9curisation du paiement<br \/>analyse statistique<\/p>\n<p>Le client peut d\u00e9sactiver les cookies dans son navigateur.<\/p>\n<p>7. S\u00e9curit\u00e9<\/p>\n<p>Les donn\u00e9es sont prot\u00e9g\u00e9es via :<\/p>\n<p>certificat SSL<br \/>acc\u00e8s restreint<br \/>cryptage des transmissions<\/p>\n<\/div><\/div>\n<\/div>\n<\/div>\n<\/div>","protected":false},"excerpt":{"rendered":"","protected":false},"author":1,"featured_media":0,"parent":0,"menu_order":0,"comment_status":"closed","ping_status":"open","template":"","meta":{"footnotes":""},"class_list":["post-3","page","type-page","status-publish","hentry"],"_links":{"self":[{"href":"https:\/\/pipoone.fr\/index.php\/wp-json\/wp\/v2\/pages\/3","targetHints":{"allow":["GET"]}}],"collection":[{"href":"https:\/\/pipoone.fr\/index.php\/wp-json\/wp\/v2\/pages"}],"about":[{"href":"https:\/\/pipoone.fr\/index.php\/wp-json\/wp\/v2\/types\/page"}],"author":[{"embeddable":true,"href":"https:\/\/pipoone.fr\/index.php\/wp-json\/wp\/v2\/users\/1"}],"replies":[{"embeddable":true,"href":"https:\/\/pipoone.fr\/index.php\/wp-json\/wp\/v2\/comments?post=3"}],"version-history":[{"count":2,"href":"https:\/\/pipoone.fr\/index.php\/wp-json\/wp\/v2\/pages\/3\/revisions"}],"predecessor-version":[{"id":418,"href":"https:\/\/pipoone.fr\/index.php\/wp-json\/wp\/v2\/pages\/3\/revisions\/418"}],"wp:attachment":[{"href":"https:\/\/pipoone.fr\/index.php\/wp-json\/wp\/v2\/media?parent=3"}],"curies":[{"name":"wp","href":"https:\/\/api.w.org\/{rel}","templated":true}]}}